{"id":3820,"date":"2025-07-23T11:31:20","date_gmt":"2025-07-23T09:31:20","guid":{"rendered":"https:\/\/www.sir-plastics.com\/certificazioni\/"},"modified":"2026-04-29T16:01:13","modified_gmt":"2026-04-29T14:01:13","slug":"certifications","status":"publish","type":"page","link":"https:\/\/www.sir-plastics.com\/en\/certifications\/","title":{"rendered":"CERTIFICATIONS"},"content":{"rendered":"<p><div class=\"fusion-fullwidth fullwidth-box fusion-builder-row-1 fusion-flex-container has-pattern-background has-mask-background fusion-parallax-none nonhundred-percent-fullwidth non-hundred-percent-height-scrolling lazyload\" style=\"--awb-border-radius-top-left:0px;--awb-border-radius-top-right:0px;--awb-border-radius-bottom-right:0px;--awb-border-radius-bottom-left:0px;--awb-padding-bottom:14%;--awb-min-height:500px;--awb-background-size:cover;--awb-flex-wrap:wrap;\" data-bg=\"https:\/\/www.sir-plastics.com\/wp-content\/uploads\/2025\/05\/fondo-slide-2.jpg\" ><div class=\"fusion-builder-row fusion-row fusion-flex-align-items-flex-start fusion-flex-content-wrap\" style=\"max-width:1320.8px;margin-left: calc(-4% \/ 2 );margin-right: calc(-4% \/ 2 );\"><div class=\"fusion-layout-column fusion_builder_column fusion-builder-column-0 fusion_builder_column_1_1 1_1 fusion-flex-column\" style=\"--awb-bg-size:cover;--awb-width-large:100%;--awb-margin-top-large:25px;--awb-spacing-right-large:1.92%;--awb-margin-bottom-large:25px;--awb-spacing-left-large:1.92%;--awb-width-medium:100%;--awb-order-medium:0;--awb-spacing-right-medium:1.92%;--awb-spacing-left-medium:1.92%;--awb-width-small:100%;--awb-order-small:0;--awb-spacing-right-small:1.92%;--awb-spacing-left-small:1.92%;\"><div class=\"fusion-column-wrapper fusion-column-has-shadow fusion-flex-justify-content-flex-start fusion-content-layout-column\"><\/div><\/div><\/div><\/div><div id=\"sostenibilita\" class=\"fusion-container-anchor\"><div class=\"fusion-fullwidth fullwidth-box fusion-builder-row-2 fusion-flex-container has-pattern-background has-mask-background nonhundred-percent-fullwidth non-hundred-percent-height-scrolling\" style=\"--awb-border-radius-top-left:0px;--awb-border-radius-top-right:0px;--awb-border-radius-bottom-right:0px;--awb-border-radius-bottom-left:0px;--awb-padding-top:0%;--awb-padding-bottom:4%;--awb-margin-top:60px;--awb-flex-wrap:wrap;\" ><div class=\"fusion-builder-row fusion-row fusion-flex-align-items-flex-start fusion-flex-content-wrap\" style=\"max-width:1320.8px;margin-left: calc(-4% \/ 2 );margin-right: calc(-4% \/ 2 );\"><div class=\"fusion-layout-column fusion_builder_column fusion-builder-column-1 fusion_builder_column_1_3 1_3 fusion-flex-column\" style=\"--awb-bg-size:cover;--awb-width-large:33.333333333333%;--awb-margin-top-large:25px;--awb-spacing-right-large:5.76%;--awb-margin-bottom-large:0px;--awb-spacing-left-large:5.76%;--awb-width-medium:100%;--awb-order-medium:0;--awb-spacing-right-medium:1.92%;--awb-spacing-left-medium:1.92%;--awb-width-small:100%;--awb-order-small:0;--awb-spacing-right-small:1.92%;--awb-spacing-left-small:1.92%;\"><div class=\"fusion-column-wrapper fusion-column-has-shadow fusion-flex-justify-content-flex-start fusion-content-layout-column\"><div class=\"fusion-title title fusion-title-1 fusion-sep-none fusion-title-highlight fusion-animate-once fusion-highlight-marker fusion-title-size-six\" style=\"--awb-highlight-width:2;--awb-font-size:20px;\" data-highlight=\"marker\"><h6 class=\"fusion-title-heading title-heading-left fusion-responsive-typography-calculated\" style=\"margin:0;font-size:1em;--fontSize:20;--minFontSize:20;line-height:var(--awb-typography2-line-height);\"><span class=\"fusion-highlighted-text-prefix\"><\/span> <span class=\"fusion-highlighted-text-wrapper\"><span class=\"fusion-highlighted-text\">CERTIFICATIONS<\/span><\/span> <span class=\"fusion-highlighted-text-postfix\"><\/span><\/h6><\/div><\/div><\/div><div class=\"fusion-layout-column fusion_builder_column fusion-builder-column-2 fusion_builder_column_1_1 1_1 fusion-flex-column\" style=\"--awb-bg-size:cover;--awb-width-large:100%;--awb-margin-top-large:25px;--awb-spacing-right-large:1.92%;--awb-margin-bottom-large:25px;--awb-spacing-left-large:1.92%;--awb-width-medium:100%;--awb-order-medium:0;--awb-spacing-right-medium:1.92%;--awb-spacing-left-medium:1.92%;--awb-width-small:100%;--awb-order-small:0;--awb-spacing-right-small:1.92%;--awb-spacing-left-small:1.92%;\"><div class=\"fusion-column-wrapper fusion-column-has-shadow fusion-flex-justify-content-flex-start fusion-content-layout-column\"><div class=\"fusion-title title fusion-title-2 fusion-sep-none fusion-title-text fusion-title-size-one\"><h1 class=\"fusion-title-heading title-heading-left fusion-responsive-typography-calculated\" style=\"margin:0;--fontSize:55;line-height:var(--awb-typography1-line-height);\">EXCELLENCE CERTIFICATIONS IN THE RECYCLED PLASTICS SECTOR<\/h1><\/div><div class=\"fusion-title title fusion-title-3 fusion-sep-none fusion-title-text fusion-title-size-two\"><h2 class=\"fusion-title-heading title-heading-left fusion-responsive-typography-calculated\" style=\"font-family:&quot;Albert Sans&quot;;font-style:normal;font-weight:400;margin:0;--fontSize:35;line-height:1.26;\">A concrete commitment to the quality and sustainability of our compounds<\/h2><\/div><\/div><\/div><div class=\"fusion-layout-column fusion_builder_column fusion-builder-column-3 fusion_builder_column_1_1 1_1 fusion-flex-column fusion-flex-align-self-stretch\" style=\"--awb-bg-size:cover;--awb-width-large:100%;--awb-margin-top-large:25px;--awb-spacing-right-large:1.92%;--awb-margin-bottom-large:25px;--awb-spacing-left-large:1.92%;--awb-width-medium:100%;--awb-order-medium:0;--awb-spacing-right-medium:1.92%;--awb-spacing-left-medium:1.92%;--awb-width-small:100%;--awb-order-small:0;--awb-spacing-right-small:1.92%;--awb-spacing-left-small:1.92%;\"><div class=\"fusion-column-wrapper fusion-column-has-shadow fusion-flex-justify-content-center fusion-content-layout-column\"><div class=\"fusion-text fusion-text-1 awb-text-cols fusion-text-columns-2\" style=\"--awb-columns:2;--awb-column-spacing:2em;--awb-column-min-width:500px;\"><p>The certifications obtained by SIR over the years are much more than regulatory acknowledgments\u2014they are the symbol of a genuine commitment to quality and sustainability.<\/p>\n<p>Thanks to these accreditations, we can guarantee <span data-fusion-font=\"true\" data-fusion-google-font=\"Albert Sans\" data-fusion-google-variant=\"700\" style=\"font-family: 'Albert Sans'; font-weight: 700;\">recycled plastic compounds<\/span> that not only meet the highest international standards, but also represent a conscious and responsible choice for the environment in a market increasingly oriented toward preserving the planet\u2019s natural resources and enhancing the value of recycled materials.<\/p>\n<\/div><\/div><\/div><\/div><\/div><\/div><div class=\"fusion-fullwidth fullwidth-box fusion-builder-row-3 fusion-flex-container has-pattern-background has-mask-background hundred-percent-fullwidth non-hundred-percent-height-scrolling\" style=\"--awb-border-radius-top-left:0px;--awb-border-radius-top-right:0px;--awb-border-radius-bottom-right:0px;--awb-border-radius-bottom-left:0px;--awb-padding-top:0%;--awb-padding-bottom:0%;--awb-padding-left:0px;--awb-margin-top:-50px;--awb-flex-wrap:wrap;\" ><div class=\"fusion-builder-row fusion-row fusion-flex-align-items-flex-start fusion-flex-content-wrap\" style=\"width:104% !important;max-width:104% !important;margin-left: calc(-4% \/ 2 );margin-right: calc(-4% \/ 2 );\"><div class=\"fusion-layout-column fusion_builder_column fusion-builder-column-4 fusion_builder_column_1_1 1_1 fusion-flex-column\" style=\"--awb-bg-size:cover;--awb-width-large:100%;--awb-margin-top-large:0px;--awb-spacing-right-large:0%;--awb-margin-bottom-large:0px;--awb-spacing-left-large:1.92%;--awb-width-medium:100%;--awb-order-medium:0;--awb-spacing-right-medium:1.92%;--awb-spacing-left-medium:1.92%;--awb-width-small:100%;--awb-order-small:0;--awb-spacing-right-small:1.92%;--awb-spacing-left-small:1.92%;\"><div class=\"fusion-column-wrapper fusion-column-has-shadow fusion-flex-justify-content-flex-start fusion-content-layout-column\"><div class=\"fusion-image-element \" style=\"--awb-caption-title-font-family:var(--h2_typography-font-family);--awb-caption-title-font-weight:var(--h2_typography-font-weight);--awb-caption-title-font-style:var(--h2_typography-font-style);--awb-caption-title-size:var(--h2_typography-font-size);--awb-caption-title-transform:var(--h2_typography-text-transform);--awb-caption-title-line-height:var(--h2_typography-line-height);--awb-caption-title-letter-spacing:var(--h2_typography-letter-spacing);\"><span class=\" fusion-imageframe imageframe-none imageframe-1 hover-type-none\"><img decoding=\"async\" width=\"1000\" height=\"654\" alt=\"Mano verde che simboleggia l&#039;impegno di SIR per la sostenibilit\u00e0 e l&#039;ambiente, con la plastica riciclata certificata\" title=\"Mano verde che simboleggia l&#8217;impegno di SIR per la sostenibilit\u00e0 e l&#8217;ambiente, con la plastica riciclata certificata\" src=\"https:\/\/www.sir-plastics.com\/wp-content\/uploads\/2025\/05\/mano.png\" data-orig-src=\"https:\/\/www.sir-plastics.com\/wp-content\/uploads\/2025\/05\/mano.png\" class=\"lazyload img-responsive wp-image-3822\" srcset=\"data:image\/svg+xml,%3Csvg%20xmlns%3D%27http%3A%2F%2Fwww.w3.org%2F2000%2Fsvg%27%20width%3D%271000%27%20height%3D%27654%27%20viewBox%3D%270%200%201000%20654%27%3E%3Crect%20width%3D%271000%27%20height%3D%27654%27%20fill-opacity%3D%220%22%2F%3E%3C%2Fsvg%3E\" data-srcset=\"https:\/\/www.sir-plastics.com\/wp-content\/uploads\/2025\/05\/mano-200x131.png 200w, https:\/\/www.sir-plastics.com\/wp-content\/uploads\/2025\/05\/mano-400x262.png 400w, https:\/\/www.sir-plastics.com\/wp-content\/uploads\/2025\/05\/mano-600x392.png 600w, https:\/\/www.sir-plastics.com\/wp-content\/uploads\/2025\/05\/mano-800x523.png 800w, https:\/\/www.sir-plastics.com\/wp-content\/uploads\/2025\/05\/mano.png 1000w\" data-sizes=\"auto\" data-orig-sizes=\"(max-width: 1024px) 100vw, (max-width: 640px) 100vw, 1000px\" \/><\/span><\/div><\/div><\/div><\/div><\/div><div class=\"fusion-fullwidth fullwidth-box fusion-builder-row-4 fusion-flex-container has-pattern-background has-mask-background nonhundred-percent-fullwidth non-hundred-percent-height-scrolling\" style=\"--awb-border-radius-top-left:0px;--awb-border-radius-top-right:0px;--awb-border-radius-bottom-right:0px;--awb-border-radius-bottom-left:0px;--awb-padding-top:3%;--awb-padding-bottom:3%;--awb-margin-top:-180px;--awb-margin-top-small:0px;--awb-flex-wrap:wrap;\" ><div class=\"fusion-builder-row fusion-row fusion-flex-align-items-flex-start fusion-flex-content-wrap\" style=\"max-width:1320.8px;margin-left: calc(-4% \/ 2 );margin-right: calc(-4% \/ 2 );\"><div class=\"fusion-layout-column fusion_builder_column fusion-builder-column-5 fusion_builder_column_1_3 1_3 fusion-flex-column\" style=\"--awb-bg-size:cover;--awb-width-large:33.333333333333%;--awb-margin-top-large:25px;--awb-spacing-right-large:5.76%;--awb-margin-bottom-large:25px;--awb-spacing-left-large:5.76%;--awb-width-medium:100%;--awb-order-medium:0;--awb-spacing-right-medium:1.92%;--awb-spacing-left-medium:1.92%;--awb-width-small:100%;--awb-order-small:0;--awb-spacing-right-small:1.92%;--awb-spacing-left-small:1.92%;\"><div class=\"fusion-column-wrapper fusion-column-has-shadow fusion-flex-justify-content-flex-start fusion-content-layout-column\"><div class=\"fusion-image-element \" style=\"text-align:left;--awb-margin-bottom:20px;--awb-max-width:300px;--awb-caption-title-font-family:var(--h2_typography-font-family);--awb-caption-title-font-weight:var(--h2_typography-font-weight);--awb-caption-title-font-style:var(--h2_typography-font-style);--awb-caption-title-size:var(--h2_typography-font-size);--awb-caption-title-transform:var(--h2_typography-text-transform);--awb-caption-title-line-height:var(--h2_typography-line-height);--awb-caption-title-letter-spacing:var(--h2_typography-letter-spacing);\"><span class=\" fusion-imageframe imageframe-none imageframe-2 hover-type-none\"><img decoding=\"async\" width=\"464\" height=\"149\" alt=\"Logo Certificazione ISO 14001 \u2013 Sistema di Gestione Ambientale\" title=\"Logo Certificazione ISO 14001 \u2013 Sistema di Gestione Ambientale\" src=\"https:\/\/www.sir-plastics.com\/wp-content\/uploads\/2025\/05\/iip-1.jpg\" data-orig-src=\"https:\/\/www.sir-plastics.com\/wp-content\/uploads\/2025\/05\/iip-1.jpg\" class=\"lazyload img-responsive wp-image-3823\" srcset=\"data:image\/svg+xml,%3Csvg%20xmlns%3D%27http%3A%2F%2Fwww.w3.org%2F2000%2Fsvg%27%20width%3D%27464%27%20height%3D%27149%27%20viewBox%3D%270%200%20464%20149%27%3E%3Crect%20width%3D%27464%27%20height%3D%27149%27%20fill-opacity%3D%220%22%2F%3E%3C%2Fsvg%3E\" data-srcset=\"https:\/\/www.sir-plastics.com\/wp-content\/uploads\/2025\/05\/iip-1-200x64.jpg 200w, https:\/\/www.sir-plastics.com\/wp-content\/uploads\/2025\/05\/iip-1-400x128.jpg 400w, https:\/\/www.sir-plastics.com\/wp-content\/uploads\/2025\/05\/iip-1.jpg 464w\" data-sizes=\"auto\" data-orig-sizes=\"(max-width: 1024px) 100vw, (max-width: 640px) 100vw, 400px\" \/><\/span><\/div><div class=\"fusion-title title fusion-title-4 fusion-sep-none fusion-title-text fusion-title-size-three\"><h3 class=\"fusion-title-heading title-heading-left fusion-responsive-typography-calculated\" style=\"margin:0;--fontSize:35;line-height:1.26;\">ISO 14000 Certification \u2013 Environmental Management System<\/h3><\/div><div class=\"fusion-text fusion-text-2\"><p>ISO 14000 certification is an international recognition that certifies the effectiveness of our Environmental Management System. This standard is proof of our constant commitment to reducing the environmental impact of our <b data-fusion-font=\"true\" data-fusion-google-font=\"Albert Sans\" data-fusion-google-variant=\"700\" style=\"font-family: 'Albert Sans'; font-weight: 700;\">regenerated plastics<\/b> production, optimizing the use of natural resources, and promoting the circular economy.<\/p>\n<\/div><\/div><\/div><div class=\"fusion-layout-column fusion_builder_column fusion-builder-column-6 fusion_builder_column_1_3 1_3 fusion-flex-column\" style=\"--awb-padding-top:113px;--awb-padding-top-small:0px;--awb-bg-size:cover;--awb-width-large:33.333333333333%;--awb-margin-top-large:25px;--awb-spacing-right-large:5.76%;--awb-margin-bottom-large:25px;--awb-spacing-left-large:5.76%;--awb-width-medium:100%;--awb-order-medium:0;--awb-spacing-right-medium:1.92%;--awb-spacing-left-medium:1.92%;--awb-width-small:100%;--awb-order-small:0;--awb-spacing-right-small:1.92%;--awb-spacing-left-small:1.92%;\"><div class=\"fusion-column-wrapper fusion-column-has-shadow fusion-flex-justify-content-flex-start fusion-content-layout-column\"><div class=\"fusion-title title fusion-title-5 fusion-sep-none fusion-title-text fusion-title-size-three\"><h3 class=\"fusion-title-heading title-heading-left fusion-responsive-typography-calculated\" style=\"margin:0;--fontSize:35;line-height:1.26;\">ISO 9000 Certification \u2013 Quality Management System<\/h3><\/div><div class=\"fusion-text fusion-text-3\"><p>ISO 9000 certification confirms our excellence in quality management and in the adoption of production processes that meet high standards of efficiency and reliability. Every stage of our <span data-fusion-font=\"true\" data-fusion-google-font=\"Albert Sans\" data-fusion-google-variant=\"700\" style=\"font-family: 'Albert Sans'; font-weight: 700;\">plastics production<\/span> is monitored and optimized to guarantee maximum precision\u2014from the selection of recyclable plastics to the finished product. This allows us to meet our customers\u2019 needs without ever compromising on quality and safety.<\/p>\n<\/div><\/div><\/div><div class=\"fusion-layout-column fusion_builder_column fusion-builder-column-7 fusion_builder_column_1_3 1_3 fusion-flex-column\" style=\"--awb-bg-size:cover;--awb-width-large:33.333333333333%;--awb-margin-top-large:25px;--awb-spacing-right-large:5.76%;--awb-margin-bottom-large:25px;--awb-spacing-left-large:5.76%;--awb-width-medium:100%;--awb-order-medium:0;--awb-spacing-right-medium:1.92%;--awb-spacing-left-medium:1.92%;--awb-width-small:100%;--awb-order-small:0;--awb-spacing-right-small:1.92%;--awb-spacing-left-small:1.92%;\"><div class=\"fusion-column-wrapper fusion-column-has-shadow fusion-flex-justify-content-flex-start fusion-content-layout-column\"><div class=\"fusion-image-element \" style=\"text-align:left;--awb-margin-bottom:20px;--awb-max-width:300px;--awb-caption-title-font-family:var(--h2_typography-font-family);--awb-caption-title-font-weight:var(--h2_typography-font-weight);--awb-caption-title-font-style:var(--h2_typography-font-style);--awb-caption-title-size:var(--h2_typography-font-size);--awb-caption-title-transform:var(--h2_typography-text-transform);--awb-caption-title-line-height:var(--h2_typography-line-height);--awb-caption-title-letter-spacing:var(--h2_typography-letter-spacing);\"><span class=\" fusion-imageframe imageframe-none imageframe-3 hover-type-none\"><img decoding=\"async\" width=\"464\" height=\"149\" alt=\"Logo Certificazione Plastica Seconda Vita \u2013 Eccellenza nel Settore della Plastica Riciclata\" title=\"Logo Certificazione Plastica Seconda Vita \u2013 Eccellenza nel Settore della Plastica Riciclata\" src=\"https:\/\/www.sir-plastics.com\/wp-content\/uploads\/2025\/05\/plastic.jpg\" data-orig-src=\"https:\/\/www.sir-plastics.com\/wp-content\/uploads\/2025\/05\/plastic.jpg\" class=\"lazyload img-responsive wp-image-3824\" srcset=\"data:image\/svg+xml,%3Csvg%20xmlns%3D%27http%3A%2F%2Fwww.w3.org%2F2000%2Fsvg%27%20width%3D%27464%27%20height%3D%27149%27%20viewBox%3D%270%200%20464%20149%27%3E%3Crect%20width%3D%27464%27%20height%3D%27149%27%20fill-opacity%3D%220%22%2F%3E%3C%2Fsvg%3E\" data-srcset=\"https:\/\/www.sir-plastics.com\/wp-content\/uploads\/2025\/05\/plastic-200x64.jpg 200w, https:\/\/www.sir-plastics.com\/wp-content\/uploads\/2025\/05\/plastic-400x128.jpg 400w, https:\/\/www.sir-plastics.com\/wp-content\/uploads\/2025\/05\/plastic.jpg 464w\" data-sizes=\"auto\" data-orig-sizes=\"(max-width: 1024px) 100vw, (max-width: 640px) 100vw, 400px\" \/><\/span><\/div><div class=\"fusion-title title fusion-title-6 fusion-sep-none fusion-title-text fusion-title-size-three\"><h3 class=\"fusion-title-heading title-heading-left fusion-responsive-typography-calculated\" style=\"margin:0;--fontSize:35;line-height:1.26;\">Plastica Seconda Vita Certification (Plastic Second Life) \u2013 Excellence in Recycled Plastics<\/h3><\/div><div class=\"fusion-text fusion-text-4\"><p>The Plastica Seconda Vita (Plastic Second Life) certification is an important recognition that highlights our commitment to promoting the circular economy in plastic recycling. This certification validates the use of virtuous practices in the <span data-fusion-font=\"true\" data-fusion-google-font=\"Albert Sans\" data-fusion-google-variant=\"700\" style=\"font-family: 'Albert Sans'; font-weight: 700;\">production of recycled plastics<\/span>, particularly certifying the materials and products derived from the recovery of plastic waste, while also introducing the concepts of quality and traceability of regenerated materials.<\/p>\n<\/div><\/div><\/div><\/div><\/div><div class=\"fusion-fullwidth fullwidth-box fusion-builder-row-5 fusion-flex-container nonhundred-percent-fullwidth non-hundred-percent-height-scrolling\" style=\"--awb-border-radius-top-left:0px;--awb-border-radius-top-right:0px;--awb-border-radius-bottom-right:0px;--awb-border-radius-bottom-left:0px;--awb-padding-top:2%;--awb-padding-bottom:2%;--awb-flex-wrap:wrap;\" ><div class=\"fusion-builder-row fusion-row fusion-flex-align-items-flex-start fusion-flex-content-wrap\" style=\"max-width:1320.8px;margin-left: calc(-4% \/ 2 );margin-right: calc(-4% \/ 2 );\"><div class=\"fusion-layout-column fusion_builder_column fusion-builder-column-8 fusion_builder_column_1_1 1_1 fusion-flex-column\" style=\"--awb-bg-size:cover;--awb-width-large:100%;--awb-margin-top-large:0px;--awb-spacing-right-large:3.84%;--awb-margin-bottom-large:19px;--awb-spacing-left-large:1.92%;--awb-width-medium:100%;--awb-spacing-right-medium:1.92%;--awb-spacing-left-medium:1.92%;--awb-width-small:100%;--awb-spacing-right-small:1.92%;--awb-margin-bottom-small:10px;--awb-spacing-left-small:1.92%;\"><div class=\"fusion-column-wrapper fusion-column-has-shadow fusion-flex-justify-content-flex-start fusion-content-layout-column\"><div class=\"fusion-text fusion-text-5\"><p>For us, the Plastica Seconda Vita label plays a key role because, by clearly indicating the recycled content in our compounds, it allows our clients to communicate and highlight the amount of <span data-fusion-font=\"true\" data-fusion-google-font=\"Albert Sans\" data-fusion-google-variant=\"700\" style=\"font-family: 'Albert Sans'; font-weight: 700;\">regenerated plastic<\/span> contained in their products. This information has become crucial, especially in public procurement, where transparency and environmental responsibility are increasingly essential requirements.<\/p>\n<\/div><\/div><\/div><div class=\"fusion-layout-column fusion_builder_column fusion-builder-column-9 fusion_builder_column_1_1 1_1 fusion-flex-column\" style=\"--awb-bg-size:cover;--awb-width-large:100%;--awb-margin-top-large:25px;--awb-spacing-right-large:1.92%;--awb-margin-bottom-large:25px;--awb-spacing-left-large:1.92%;--awb-width-medium:100%;--awb-order-medium:0;--awb-spacing-right-medium:1.92%;--awb-spacing-left-medium:1.92%;--awb-width-small:100%;--awb-order-small:0;--awb-spacing-right-small:1.92%;--awb-spacing-left-small:1.92%;\"><div class=\"fusion-column-wrapper fusion-column-has-shadow fusion-flex-justify-content-flex-start fusion-content-layout-column\"><div class=\"fusion-image-element \" style=\"text-align:left;--awb-margin-bottom:20px;--awb-max-width:300px;--awb-caption-title-font-family:var(--h2_typography-font-family);--awb-caption-title-font-weight:var(--h2_typography-font-weight);--awb-caption-title-font-style:var(--h2_typography-font-style);--awb-caption-title-size:var(--h2_typography-font-size);--awb-caption-title-transform:var(--h2_typography-text-transform);--awb-caption-title-line-height:var(--h2_typography-line-height);--awb-caption-title-letter-spacing:var(--h2_typography-letter-spacing);\"><span class=\" fusion-imageframe imageframe-none imageframe-4 hover-type-none\"><img alt=\"\" alt=\"\" decoding=\"async\" width=\"400\" height=\"250\" title=\"NB-RecyClass-400&#215;250\" src=\"https:\/\/www.sir-plastics.com\/wp-content\/uploads\/2026\/04\/NB-RecyClass-400x250-1.png\" data-orig-src=\"https:\/\/www.sir-plastics.com\/wp-content\/uploads\/2026\/04\/NB-RecyClass-400x250-1.png\" alt class=\"lazyload img-responsive wp-image-3929\" srcset=\"data:image\/svg+xml,%3Csvg%20xmlns%3D%27http%3A%2F%2Fwww.w3.org%2F2000%2Fsvg%27%20width%3D%27400%27%20height%3D%27250%27%20viewBox%3D%270%200%20400%20250%27%3E%3Crect%20width%3D%27400%27%20height%3D%27250%27%20fill-opacity%3D%220%22%2F%3E%3C%2Fsvg%3E\" data-srcset=\"https:\/\/www.sir-plastics.com\/wp-content\/uploads\/2026\/04\/NB-RecyClass-400x250-1-200x125.png 200w, https:\/\/www.sir-plastics.com\/wp-content\/uploads\/2026\/04\/NB-RecyClass-400x250-1.png 400w\" data-sizes=\"auto\" data-orig-sizes=\"(max-width: 1024px) 100vw, (max-width: 640px) 100vw, 400px\" \/><\/span><\/div><div class=\"fusion-title title fusion-title-7 fusion-sep-none fusion-title-text fusion-title-size-three\"><h3 class=\"fusion-title-heading title-heading-left fusion-responsive-typography-calculated\" style=\"margin:0;--fontSize:35;line-height:1.26;\">Plastic Second Life Certification \u2013 Excellence in Recycled Plastics<\/h3><\/div><div class=\"fusion-text fusion-text-6\"><p>The RecyClass recycling process certification guarantees the traceability and responsible management of recycled plastics throughout the entire supply chain. It verifiably certifies the origin of waste and the recycled content of products. Based on the EN 15343:2007 and ISO 22095:2020 standards, it ensures transparency and consistency in processes. It allows companies to demonstrate their commitment to the circular economy with certified data. It is a concrete tool for strengthening credibility, regulatory compliance, and market trust.<\/p>\n<\/div><\/div><\/div><\/div><\/div><\/p>\n","protected":false},"excerpt":{"rendered":"","protected":false},"author":1,"featured_media":0,"parent":0,"menu_order":0,"comment_status":"closed","ping_status":"closed","template":"100-width.php","meta":{"_seopress_robots_primary_cat":"","_seopress_titles_title":"SIR - Azienda certificata nel settore della plastica riciclata","_seopress_titles_desc":"Le certificazioni ottenute da SIR sono pi\u00f9 di semplici riconoscimenti normativi, dimostrano un impegno concreto verso la qualit\u00e0 e la sostenibilit\u00e0.","_seopress_robots_index":"","footnotes":""},"class_list":["post-3820","page","type-page","status-publish","hentry"],"_links":{"self":[{"href":"https:\/\/www.sir-plastics.com\/en\/wp-json\/wp\/v2\/pages\/3820","targetHints":{"allow":["GET"]}}],"collection":[{"href":"https:\/\/www.sir-plastics.com\/en\/wp-json\/wp\/v2\/pages"}],"about":[{"href":"https:\/\/www.sir-plastics.com\/en\/wp-json\/wp\/v2\/types\/page"}],"author":[{"embeddable":true,"href":"https:\/\/www.sir-plastics.com\/en\/wp-json\/wp\/v2\/users\/1"}],"replies":[{"embeddable":true,"href":"https:\/\/www.sir-plastics.com\/en\/wp-json\/wp\/v2\/comments?post=3820"}],"version-history":[{"count":6,"href":"https:\/\/www.sir-plastics.com\/en\/wp-json\/wp\/v2\/pages\/3820\/revisions"}],"predecessor-version":[{"id":3931,"href":"https:\/\/www.sir-plastics.com\/en\/wp-json\/wp\/v2\/pages\/3820\/revisions\/3931"}],"wp:attachment":[{"href":"https:\/\/www.sir-plastics.com\/en\/wp-json\/wp\/v2\/media?parent=3820"}],"curies":[{"name":"wp","href":"https:\/\/api.w.org\/{rel}","templated":true}]}}